{"id":58,"date":"2024-03-20T11:38:21","date_gmt":"2024-03-20T08:38:21","guid":{"rendered":"https:\/\/kazakhan.org\/?page_id=58"},"modified":"2025-06-15T22:30:48","modified_gmt":"2025-06-15T19:30:48","slug":"mustafa_kalkan","status":"publish","type":"page","link":"https:\/\/kazakhan.org\/index.php\/mustafa_kalkan\/","title":{"rendered":"Mustafa Kalkan"},"content":{"rendered":"\t\t<div data-elementor-type=\"wp-page\" data-elementor-id=\"58\" class=\"elementor elementor-58\">\n\t\t\t\t<div class=\"elementor-element elementor-element-91827a9 e-flex e-con-boxed e-con e-parent\" data-id=\"91827a9\" data-element_type=\"container\">\n\t\t\t\t\t<div class=\"e-con-inner\">\n\t\t<div class=\"elementor-element elementor-element-6508d8a e-con-full e-flex e-con e-child\" data-id=\"6508d8a\" data-element_type=\"container\">\n\t\t\t\t<div class=\"elementor-element elementor-element-39412cf elementor-widget elementor-widget-image\" data-id=\"39412cf\" data-element_type=\"widget\" data-widget_type=\"image.default\">\n\t\t\t\t<div class=\"elementor-widget-container\">\n\t\t\t<style>\/*! elementor - v3.21.0 - 08-05-2024 *\/\n.elementor-widget-image{text-align:center}.elementor-widget-image a{display:inline-block}.elementor-widget-image a img[src$=\".svg\"]{width:48px}.elementor-widget-image img{vertical-align:middle;display:inline-block}<\/style>\t\t\t\t\t\t\t\t\t\t<img fetchpriority=\"high\" decoding=\"async\" width=\"755\" height=\"440\" src=\"https:\/\/kazakhan.org\/wp-content\/uploads\/2024\/06\/Mustafa-Kalkan.jpg\" class=\"attachment-large size-large wp-image-696\" alt=\"\" srcset=\"https:\/\/kazakhan.org\/wp-content\/uploads\/2024\/06\/Mustafa-Kalkan.jpg 755w, https:\/\/kazakhan.org\/wp-content\/uploads\/2024\/06\/Mustafa-Kalkan-300x175.jpg 300w, https:\/\/kazakhan.org\/wp-content\/uploads\/2024\/06\/Mustafa-Kalkan-650x379.jpg 650w\" sizes=\"(max-width: 755px) 100vw, 755px\" \/>\t\t\t\t\t\t\t\t\t\t\t\t\t<\/div>\n\t\t\t\t<\/div>\n\t\t\t\t<\/div>\n\t\t<div class=\"elementor-element elementor-element-cd45fa7 e-con-full e-flex e-con e-child\" data-id=\"cd45fa7\" data-element_type=\"container\">\n\t\t\t\t<div class=\"elementor-element elementor-element-020cf8d elementor-widget elementor-widget-text-editor\" data-id=\"020cf8d\" data-element_type=\"widget\" data-widget_type=\"text-editor.default\">\n\t\t\t\t<div class=\"elementor-widget-container\">\n\t\t\t<style>\/*! elementor - v3.21.0 - 08-05-2024 *\/\n.elementor-widget-text-editor.elementor-drop-cap-view-stacked .elementor-drop-cap{background-color:#69727d;color:#fff}.elementor-widget-text-editor.elementor-drop-cap-view-framed .elementor-drop-cap{color:#69727d;border:3px solid;background-color:transparent}.elementor-widget-text-editor:not(.elementor-drop-cap-view-default) .elementor-drop-cap{margin-top:8px}.elementor-widget-text-editor:not(.elementor-drop-cap-view-default) .elementor-drop-cap-letter{width:1em;height:1em}.elementor-widget-text-editor .elementor-drop-cap{float:left;text-align:center;line-height:1;font-size:50px}.elementor-widget-text-editor .elementor-drop-cap-letter{display:inline-block}<\/style>\t\t\t\t<p>1970 y\u0131l\u0131nda Erzurum\u2019un Oltu il\u00e7esine ba\u011fl\u0131 olan \u00dcnl\u00fckaya (Nefsi Narman) K\u00f6y\u00fc\u2019nde do\u011fdu. 1877-8 y\u0131l\u0131nda (93 Harbinde) Ah\u0131ska\u2019dan g\u00f6\u00e7 edip gelen Mihrali Bey\u2019in torunudur. 1992 y\u0131l\u0131nda Gazi \u00dcniversitesi Fen Edebiyat Fak\u00fcltesi Tarih B\u00f6l\u00fcm\u00fc\u2019nden mezun oldu. 1993 y\u0131l\u0131nda akademik \u00e7al\u0131\u015fmalar\u0131n\u0131 (master-doktora) y\u00fcr\u00fctmek \u00fczere yurt d\u0131\u015f\u0131na Rusya Federasyonu\u2019na (Tataristan-\u00c7uva\u015fistan) g\u00f6nderildi. Doktoras\u0131n\u0131 K\u0131rg\u0131zistan ve Kazakistan\u2019da tamamlad\u0131. \u00d6zbekistan ve Ba\u015fk\u0131rdistan\u2019da ar\u015fiv \u00e7al\u0131\u015fmalar\u0131nda bulundu. Uzun y\u0131llar, Rus Federasyonu ve T\u00fcrk Cumhuriyetlerinde \u00fcniversitelerde resmi g\u00f6revli olarak dersler verdi. \u00c7al\u0131\u015fma alan\u0131 \u0130slamiyet \u00d6ncesi T\u00fcrk Tarihi ve Arkeolojisi\u2019dir.<\/p><p>Yurt d\u0131\u015f\u0131nda farkl\u0131 \u00fcniversitelerde ve Harp Akademisinde Savunma Bilimleri Enstit\u00fcs\u00fc\u2019nde dersler vermi\u015ftir. Strateji Ara\u015ft\u0131rma Merkezi ve T\u00fcrk Uygarl\u0131\u011f\u0131 Ara\u015ft\u0131rmalar\u0131 Merkezi gibi kurumlar\u0131n ba\u015fkan-ba\u015fkan yard\u0131mc\u0131l\u0131\u011f\u0131 g\u00f6revini ifa etmi\u015ftir.<\/p><p>Ne\u015fredilmi\u015f ilmi nitelikli on yedi kitab\u0131-kitap b\u00f6l\u00fcm\u00fc ve elliden fazla makale \u00e7al\u0131\u015fmas\u0131 mevcuttur. \u00c7al\u0131\u015fmalar\u0131, etnik tarih, fiziki antropoloji, k\u00fclt\u00fcr tarihi, ordu, n\u00fcmizmatik (para bilimi) ve T\u00fcrk d\u00fcnyas\u0131 gibi konular \u00fczerinedir. Otuzun \u00fczerinde dergide yay\u0131n yapm\u0131\u015f, yine farkl\u0131 dergilerde hakemlik ve edit\u00f6rl\u00fck-edit\u00f6r yard\u0131mc\u0131l\u0131\u011f\u0131 g\u00f6revlerinde bulunmu\u015ftur. Akademisyen olarak e\u011fitim faaliyetleri d\u0131\u015f\u0131nda, T\u0130KA, MEB gibi kurumlarda koordinat\u00f6rl\u00fck ve el\u00e7iliklerde diplomatik nitelikli g\u00f6revler de alm\u0131\u015ft\u0131r. Bir devlet \u00fcniversitesinde \u0130nsan ve Toplum Bilimleri Fak\u00fcltesi Tarih B\u00f6l\u00fcm\u00fc \u00f6\u011fretim \u00fcyesi olarak g\u00f6revine devam etmektedir.<\/p>\t\t\t\t\t\t<\/div>\n\t\t\t\t<\/div>\n\t\t\t\t<\/div>\n\t\t\t\t\t<\/div>\n\t\t\t\t<\/div>\n\t\t<div class=\"elementor-element elementor-element-3bbed39 e-flex e-con-boxed e-con e-parent\" data-id=\"3bbed39\" data-element_type=\"container\" data-settings=\"{&quot;background_background&quot;:&quot;classic&quot;,&quot;shape_divider_top&quot;:&quot;arrow&quot;}\">\n\t\t\t\t\t<div class=\"e-con-inner\">\n\t\t\t\t<div class=\"elementor-shape elementor-shape-top\" data-negative=\"false\">\n\t\t\t<svg xmlns=\"http:\/\/www.w3.org\/2000\/svg\" viewBox=\"0 0 700 10\" preserveAspectRatio=\"none\">\n\t<path class=\"elementor-shape-fill\" d=\"M350,10L340,0h20L350,10z\"\/>\n<\/svg>\t\t<\/div>\n\t\t\t\t<div class=\"elementor-element elementor-element-f7f09d1 elementor-widget elementor-widget-spacer\" data-id=\"f7f09d1\" data-element_type=\"widget\" data-widget_type=\"spacer.default\">\n\t\t\t\t<div class=\"elementor-widget-container\">\n\t\t\t<style>\/*! elementor - v3.21.0 - 08-05-2024 *\/\n.elementor-column .elementor-spacer-inner{height:var(--spacer-size)}.e-con{--container-widget-width:100%}.e-con-inner>.elementor-widget-spacer,.e-con>.elementor-widget-spacer{width:var(--container-widget-width,var(--spacer-size));--align-self:var(--container-widget-align-self,initial);--flex-shrink:0}.e-con-inner>.elementor-widget-spacer>.elementor-widget-container,.e-con>.elementor-widget-spacer>.elementor-widget-container{height:100%;width:100%}.e-con-inner>.elementor-widget-spacer>.elementor-widget-container>.elementor-spacer,.e-con>.elementor-widget-spacer>.elementor-widget-container>.elementor-spacer{height:100%}.e-con-inner>.elementor-widget-spacer>.elementor-widget-container>.elementor-spacer>.elementor-spacer-inner,.e-con>.elementor-widget-spacer>.elementor-widget-container>.elementor-spacer>.elementor-spacer-inner{height:var(--container-widget-height,var(--spacer-size))}.e-con-inner>.elementor-widget-spacer.elementor-widget-empty,.e-con>.elementor-widget-spacer.elementor-widget-empty{position:relative;min-height:22px;min-width:22px}.e-con-inner>.elementor-widget-spacer.elementor-widget-empty .elementor-widget-empty-icon,.e-con>.elementor-widget-spacer.elementor-widget-empty .elementor-widget-empty-icon{position:absolute;top:0;bottom:0;left:0;right:0;margin:auto;padding:0;width:22px;height:22px}<\/style>\t\t<div class=\"elementor-spacer\">\n\t\t\t<div class=\"elementor-spacer-inner\"><\/div>\n\t\t<\/div>\n\t\t\t\t<\/div>\n\t\t\t\t<\/div>\n\t\t\t\t<div class=\"elementor-element elementor-element-b195e8a elementor-align-center elementor-invisible elementor-widget elementor-widget-button\" data-id=\"b195e8a\" data-element_type=\"widget\" data-settings=\"{&quot;_animation&quot;:&quot;shake&quot;}\" data-widget_type=\"button.default\">\n\t\t\t\t<div class=\"elementor-widget-container\">\n\t\t\t\t\t<div class=\"elementor-button-wrapper\">\n\t\t\t<a class=\"elementor-button elementor-button-link elementor-size-sm\" href=\"https:\/\/kazakhan.org\/index.php\/yayinlanan-akademik-calismalarim\/\">\n\t\t\t\t\t\t<span class=\"elementor-button-content-wrapper\">\n\t\t\t\t\t\t<span class=\"elementor-button-icon elementor-align-icon-left\">\n\t\t\t\t<svg aria-hidden=\"true\" class=\"e-font-icon-svg e-fas-arrow-circle-right\" viewBox=\"0 0 512 512\" xmlns=\"http:\/\/www.w3.org\/2000\/svg\"><path d=\"M256 8c137 0 248 111 248 248S393 504 256 504 8 393 8 256 119 8 256 8zm-28.9 143.6l75.5 72.4H120c-13.3 0-24 10.7-24 24v16c0 13.3 10.7 24 24 24h182.6l-75.5 72.4c-9.7 9.3-9.9 24.8-.4 34.3l11 10.9c9.4 9.4 24.6 9.4 33.9 0L404.3 273c9.4-9.4 9.4-24.6 0-33.9L271.6 106.3c-9.4-9.4-24.6-9.4-33.9 0l-11 10.9c-9.5 9.6-9.3 25.1.4 34.4z\"><\/path><\/svg>\t\t\t<\/span>\n\t\t\t\t\t\t\t\t\t<span class=\"elementor-button-text\">Yay\u0131nlanan Akademik \u00c7al\u0131\u015fmalar\u0131m<\/span>\n\t\t\t\t\t<\/span>\n\t\t\t\t\t<\/a>\n\t\t<\/div>\n\t\t\t\t<\/div>\n\t\t\t\t<\/div>\n\t\t\t\t<div class=\"elementor-element elementor-element-5c1fb3f elementor-widget elementor-widget-spacer\" data-id=\"5c1fb3f\" data-element_type=\"widget\" data-widget_type=\"spacer.default\">\n\t\t\t\t<div class=\"elementor-widget-container\">\n\t\t\t\t\t<div class=\"elementor-spacer\">\n\t\t\t<div class=\"elementor-spacer-inner\"><\/div>\n\t\t<\/div>\n\t\t\t\t<\/div>\n\t\t\t\t<\/div>\n\t\t\t\t\t<\/div>\n\t\t\t\t<\/div>\n\t\t<div class=\"elementor-element elementor-element-929bbfb e-flex e-con-boxed e-con e-parent\" data-id=\"929bbfb\" data-element_type=\"container\" data-settings=\"{&quot;background_background&quot;:&quot;classic&quot;}\">\n\t\t\t\t\t<div class=\"e-con-inner\">\n\t\t\t\t<div class=\"elementor-element elementor-element-4af8c66 elementor-widget elementor-widget-heading\" data-id=\"4af8c66\" data-element_type=\"widget\" data-widget_type=\"heading.default\">\n\t\t\t\t<div class=\"elementor-widget-container\">\n\t\t\t<style>\/*! elementor - v3.21.0 - 08-05-2024 *\/\n.elementor-heading-title{padding:0;margin:0;line-height:1}.elementor-widget-heading .elementor-heading-title[class*=elementor-size-]>a{color:inherit;font-size:inherit;line-height:inherit}.elementor-widget-heading .elementor-heading-title.elementor-size-small{font-size:15px}.elementor-widget-heading .elementor-heading-title.elementor-size-medium{font-size:19px}.elementor-widget-heading .elementor-heading-title.elementor-size-large{font-size:29px}.elementor-widget-heading .elementor-heading-title.elementor-size-xl{font-size:39px}.elementor-widget-heading .elementor-heading-title.elementor-size-xxl{font-size:59px}<\/style><h3 class=\"elementor-heading-title elementor-size-default\">\u00d6zge\u00e7mi\u015f<\/h3>\t\t<\/div>\n\t\t\t\t<\/div>\n\t\t\t\t\t<\/div>\n\t\t\t\t<\/div>\n\t\t<div class=\"elementor-element elementor-element-6ba2430a e-flex e-con-boxed e-con e-parent\" data-id=\"6ba2430a\" data-element_type=\"container\" data-settings=\"{&quot;background_background&quot;:&quot;classic&quot;}\">\n\t\t\t\t\t<div class=\"e-con-inner\">\n\t\t\t\t\t<\/div>\n\t\t\t\t<\/div>\n\t\t\t\t<\/div>\n\t\t","protected":false},"excerpt":{"rendered":"<p>1970 y\u0131l\u0131nda Erzurum\u2019un Oltu il\u00e7esine ba\u011fl\u0131 olan \u00dcnl\u00fckaya (Nefsi Narman) K\u00f6y\u00fc\u2019nde do\u011fdu. 1877-8 y\u0131l\u0131nda (93 Harbinde) Ah\u0131ska\u2019dan g\u00f6\u00e7 edip gelen Mihrali Bey\u2019in torunudur. 1992 y\u0131l\u0131nda Gazi \u00dcniversitesi Fen Edebiyat Fak\u00fcltesi Tarih B\u00f6l\u00fcm\u00fc\u2019nden mezun oldu. 1993 y\u0131l\u0131nda akademik \u00e7al\u0131\u015fmalar\u0131n\u0131 (master-doktora) y\u00fcr\u00fctmek \u00fczere yurt d\u0131\u015f\u0131na Rusya Federasyonu\u2019na (Tataristan-\u00c7uva\u015fistan) g\u00f6nderildi. Doktoras\u0131n\u0131 K\u0131rg\u0131zistan ve Kazakistan\u2019da tamamlad\u0131. \u00d6zbekistan ve Ba\u015fk\u0131rdistan\u2019da [&hellip;]<\/p>\n","protected":false},"author":1,"featured_media":0,"parent":0,"menu_order":0,"comment_status":"closed","ping_status":"closed","template":"","meta":{"_themeisle_gutenberg_block_has_review":false,"footnotes":""},"class_list":["post-58","page","type-page","status-publish","hentry"],"_links":{"self":[{"href":"https:\/\/kazakhan.org\/index.php\/wp-json\/wp\/v2\/pages\/58","targetHints":{"allow":["GET"]}}],"collection":[{"href":"https:\/\/kazakhan.org\/index.php\/wp-json\/wp\/v2\/pages"}],"about":[{"href":"https:\/\/kazakhan.org\/index.php\/wp-json\/wp\/v2\/types\/page"}],"author":[{"embeddable":true,"href":"https:\/\/kazakhan.org\/index.php\/wp-json\/wp\/v2\/users\/1"}],"replies":[{"embeddable":true,"href":"https:\/\/kazakhan.org\/index.php\/wp-json\/wp\/v2\/comments?post=58"}],"version-history":[{"count":36,"href":"https:\/\/kazakhan.org\/index.php\/wp-json\/wp\/v2\/pages\/58\/revisions"}],"predecessor-version":[{"id":893,"href":"https:\/\/kazakhan.org\/index.php\/wp-json\/wp\/v2\/pages\/58\/revisions\/893"}],"wp:attachment":[{"href":"https:\/\/kazakhan.org\/index.php\/wp-json\/wp\/v2\/media?parent=58"}],"curies":[{"name":"wp","href":"https:\/\/api.w.org\/{rel}","templated":true}]}}